{"id":341,"date":"2025-03-25T19:47:13","date_gmt":"2025-03-25T18:47:13","guid":{"rendered":"https:\/\/www.crossfitnorder.sk\/?page_id=341"},"modified":"2026-04-23T11:35:20","modified_gmt":"2026-04-23T09:35:20","slug":"rozvrh-treningov","status":"publish","type":"page","link":"https:\/\/www.crossfitnorder.sk\/index.php\/rozvrh-treningov\/","title":{"rendered":"Rozvrh tr\u00e9ningov"},"content":{"rendered":"\n<div style=\"height:32px\" aria-hidden=\"true\" class=\"wp-block-spacer\"><\/div>\n\n\n\n<p class=\"has-text-align-center\">Kompletn\u00fd rozvrh tr\u00e9ningov na cel\u00fd t\u00fd\u017ede\u0148 n\u00e1jde\u0161 v kalend\u00e1ri ni\u017e\u0161ie.<\/p>\n\n\n\n<p class=\"has-text-align-center\"><strong>Na tr\u00e9ning je potrebn\u00e9 sa vopred prihl\u00e1si\u0165, \u010do m\u00f4\u017ee\u0161 urobi\u0165 3 sp\u00f4sobmi:<\/strong><\/p>\n\n\n\n<div class=\"wp-block-group is-vertical is-content-justification-center is-layout-flex wp-container-core-group-is-layout-ce155fab wp-block-group-is-layout-flex\">\n<ol class=\"wp-block-list\">\n<li>prostredn\u00edctvom aplik\u00e1cie <strong><a href=\"https:\/\/gymify.sk\/gyms\/crossfit-norder\">GYMIFY<\/a><\/strong>, ktor\u00fa si m\u00f4\u017ee\u0161 stiahnu\u0165 tu:<\/li>\n<\/ol>\n<\/div>\n\n\n\n<div class=\"wp-block-group is-content-justification-center is-nowrap is-layout-flex wp-container-core-group-is-layout-23441af8 wp-block-group-is-layout-flex\">\n<figure class=\"wp-block-image size-full is-resized\"><a href=\"https:\/\/play.google.com\/store\/apps\/details?id=app.gymify.client.twa\" target=\"_blank\" rel=\" noreferrer noopener\"><img loading=\"lazy\" decoding=\"async\" width=\"500\" height=\"148\" src=\"https:\/\/www.crossfitnorder.sk\/wp-content\/uploads\/2025\/03\/Google-play-SK.png\" alt=\"\" class=\"wp-image-349\" style=\"width:267px;height:auto\" srcset=\"https:\/\/www.crossfitnorder.sk\/wp-content\/uploads\/2025\/03\/Google-play-SK.png 500w, https:\/\/www.crossfitnorder.sk\/wp-content\/uploads\/2025\/03\/Google-play-SK-300x89.png 300w\" sizes=\"auto, (max-width: 500px) 100vw, 500px\" \/><\/a><\/figure>\n\n\n\n<figure class=\"wp-block-image size-full is-resized\"><a href=\"https:\/\/apps.apple.com\/us\/app\/gymify\/id1623694236\" target=\"_blank\" rel=\" noreferrer noopener\"><img loading=\"lazy\" decoding=\"async\" width=\"500\" height=\"148\" src=\"https:\/\/www.crossfitnorder.sk\/wp-content\/uploads\/2025\/03\/App-store-SK.png\" alt=\"\" class=\"wp-image-348\" style=\"width:270px;height:auto\" srcset=\"https:\/\/www.crossfitnorder.sk\/wp-content\/uploads\/2025\/03\/App-store-SK.png 500w, https:\/\/www.crossfitnorder.sk\/wp-content\/uploads\/2025\/03\/App-store-SK-300x89.png 300w\" sizes=\"auto, (max-width: 500px) 100vw, 500px\" \/><\/a><\/figure>\n<\/div>\n\n\n\n<p class=\"has-text-align-center\">2. cez <strong>rezerva\u010dn\u00fd syst\u00e9m<\/strong>, ktor\u00fd n\u00e1jde\u0161 \u00faplne dole na tejto str\u00e1nke<\/p>\n\n\n\n<p class=\"has-text-align-center\">3. alebo n\u00e1m jednoducho <strong><a href=\"https:\/\/www.crossfitnorder.sk\/index.php\/kontakt\/\">nap\u00ed\u0161<\/a><\/strong> a my \u0165a na tr\u00e9ning prihl\u00e1sime manu\u00e1lne<\/p>\n\n\n\n<div class=\"wp-block-group is-content-justification-center is-nowrap is-layout-flex wp-container-core-group-is-layout-23441af8 wp-block-group-is-layout-flex\">\n<figure class=\"wp-block-image size-full is-resized\"><img loading=\"lazy\" decoding=\"async\" width=\"640\" height=\"640\" src=\"https:\/\/www.crossfitnorder.sk\/wp-content\/uploads\/2025\/03\/X9utthtIOa-1.gif\" alt=\"\" class=\"wp-image-352\" style=\"width:81px;height:auto\"\/><\/figure>\n\n\n\n<p>*pre lep\u0161ie zobrazenie rozvrhu na telef\u00f3ne, odpor\u00fa\u010dame oto\u010di\u0165 si ho na \u0161\u00edrku \ud83d\ude42<\/p>\n<\/div>\n\n\n\n<div class=\"wp-block-elfsight-event-calendar\" data-widget-id=\"9f55e251-1abc-414d-894c-ecdef44ee915\"><div class=\"elfsight-app-9f55e251-1abc-414d-894c-ecdef44ee915\"><\/div><\/div>\n\n\n\n<div class=\"wp-block-elfsight-website-translator\" data-widget-id=\"da258f28-7c3a-4d70-86eb-0764d3819711\"><div class=\"elfsight-app-da258f28-7c3a-4d70-86eb-0764d3819711\"><\/div><\/div>\n\n\n<p><iframe id=\"gymify-reservation-embedded\" style=\"border: none; min-height: 1000px;\" src=\"https:\/\/gymify.sk\/embed\/booking\/8a403f16-1c8f-45ea-9919-89820a9d825f?hideDefaultHeader=0&amp;preferredType=0\" width=\"100%\"><\/iframe><\/p>\n\n\n<h2 class=\"wp-block-heading has-text-align-center\"><strong>Vid\u00ed\u0161 v rozvrhu tr\u00e9ning ale nevie\u0161, \u010do od neho o\u010dak\u00e1va\u0165? Ni\u017e\u0161ie n\u00e1jde\u0161 stru\u010dn\u00fd  popis ku ka\u017ed\u00e9mu typu tr\u00e9ningu. <\/strong><\/h2>\n\n\n\n<h6 class=\"wp-block-heading has-text-align-center\"><strong>CrossFit<\/strong> <\/h6>\n\n\n\n<p class=\"has-text-align-center\">Skupinov\u00fd tr\u00e9ning, ktor\u00fd v sebe kombinuje prvky vzpierania, gymnastiky, silov\u00e9ho a kondi\u010dn\u00e9ho tr\u00e9ningu. Zameran\u00fd na v\u0161eobecn\u00fd pohybov\u00fd rozvoj \u2013 silu, vytrvalos\u0165, rovnov\u00e1hu, flexibilitu, obratnos\u0165, koordin\u00e1ciu a presnos\u0165.<\/p>\n\n\n\n<h6 class=\"wp-block-heading has-text-align-center\"><strong>Weightlifting<\/strong><\/h6>\n\n\n\n<p class=\"has-text-align-center\">Skupinov\u00fd tr\u00e9ning vzpierania, kde sa zameriavame predov\u0161etk\u00fdm na technicky spr\u00e1vne prevedenie vzpiera\u010dsk\u00fdch cvikov ak\u00fdm je Snatch (trh) alebo Clean &amp; Jerk (premiestnenie a nadhod). Drillujeme ich do detailov, aby si ich potom vedel naplno vyu\u017ei\u0165 aj vo vy\u0161\u0161ej intenzite na tr\u00e9ningoch CrossFitu. Samozrejme, tr\u00e9ning zah\u0155\u0148a aj doplnkov\u00e9 cviky potrebn\u00e9 k vzpieraniu \u2013 drepy, pressy, deadlifty a podobne.<\/p>\n\n\n\n<h6 class=\"wp-block-heading has-text-align-center\"><strong>Bodybuilding&nbsp;<\/strong><\/h6>\n\n\n\n<p class=\"has-text-align-center\">Skupinov\u00fd tr\u00e9ning zameran\u00fd predov\u0161etk\u00fdm na budovanie sily a svalovej hmoty. Tie s\u00fa nevyhnutne potrebn\u00e9 na lep\u0161\u00ed v\u00fdkon po\u010das tr\u00e9ningov CrossFitu, ale tie\u017e ti pom\u00f4\u017eu v prevencii proti zraneniam. Okrem toho je zn\u00e1me, \u017ee svaly podporuj\u00fa spr\u00e1vne fungovanie metabolizmu a pom\u00e1haj\u00fa spoma\u013eova\u0165 proces starnutia. A navy\u0161e, po p\u00e1r tr\u00e9ningoch sa bude\u0161 c\u00edti\u0165 vysekan\u00fd ako zo skaly \ud83d\ude42<\/p>\n\n\n\n<h6 class=\"wp-block-heading has-text-align-center\"><strong>Gymnastics<\/strong>&nbsp;<\/h6>\n\n\n\n<p class=\"has-text-align-center\">\u0160pecifick\u00fd skupinov\u00fd tr\u00e9ning, na ktorom si zdokonal\u00ed\u0161 v\u0161etky gymnastick\u00e9 cviky, ktor\u00e9 pre teba \u010dasom bud\u00fa neocenite\u013en\u00e9 na tr\u00e9ningoch CrossFitu. Technicky spr\u00e1vne vykonan\u00fd gymnastick\u00fd cvik ti toti\u017e dok\u00e1\u017ee u\u0161etri\u0165 plno energie vo workoute. Zameriava\u0165 sa budeme predov\u0161etk\u00fdm na pull-upy, chest-to-bary, muscle-upy, stojky, handstand push-upy alebo handstand walky. Nau\u010d\u00ed\u0161 sa by\u0165 efekt\u00edvny na hrazde \u010di na gymnastick\u00fdch kruhoch.<\/p>\n\n\n\n<h6 class=\"wp-block-heading has-text-align-center\"><strong>Strength<\/strong><\/h6>\n\n\n\n<p class=\"has-text-align-center\">Skupinov\u00fd tr\u00e9ning zameran\u00fd na silu. Pr\u00e1ca s r\u00f4znymi nezvy\u010dajn\u00fdmi n\u00e1\u010diniami a strojmi ako Exxentric, Kaiser machine, indian clubs a podobne. Silov\u00fd tr\u00e9ning, ktor\u00fd ur\u010dite v inom gyme neza\u017eije\u0161.<\/p>\n\n\n\n<h6 class=\"wp-block-heading has-text-align-center\">Team CrossFit<\/h6>\n\n\n\n<p class=\"has-text-align-center\">N\u00e1\u0161 nede\u013en\u00fd CrossFitov\u00fd tr\u00e9ning je st\u00e1le CrossFit, ale trochu in\u00fd. Ke\u010f\u017ee Sunday je funday, tak aj tr\u00e9ning bude viac fun. Budete tr\u00e9nova\u0165 v p\u00e1roch alebo mal\u00fdch skupink\u00e1ch, s\u00fa\u0165a\u017ei\u0165 viacer\u00e9 t\u00edmy medzi sebou a hecova\u0165 sa navz\u00e1jom. Po tr\u00e9ningu si v\u0161etci spolu d\u00e1me mal\u00fd chill pri k\u00e1ve, prote\u00edne alebo nie\u010dom dobrom pod zub :)\u2028<\/p>\n\n\n\n<h6 class=\"wp-block-heading has-text-align-center\"><strong>Open Gym<\/strong><\/h6>\n\n\n\n<p class=\"has-text-align-center\">Ak r\u00e1d cvi\u010d\u00ed\u0161 s\u00e1m, alebo m\u00e1\u0161 svoj vlastn\u00fd programming a potrebuje\u0161 iba miesto, kde si m\u00f4\u017ee\u0161 plnohodnotne zacvi\u010di\u0165, pokojne m\u00f4\u017ee\u0161 pr\u00eds\u0165 kedyko\u013evek po\u010das otv\u00e1rac\u00edch hod\u00edn.<\/p>\n","protected":false},"excerpt":{"rendered":"<p>Kompletn\u00fd rozvrh tr\u00e9ningov na cel\u00fd t\u00fd\u017ede\u0148 n\u00e1jde\u0161 v kalend\u00e1ri ni\u017e\u0161ie. Na tr\u00e9ning je potrebn\u00e9 sa vopred prihl\u00e1si\u0165, \u010do m\u00f4\u017ee\u0161 urobi\u0165 3 sp\u00f4sobmi: 2. cez rezerva\u010dn\u00fd syst\u00e9m, ktor\u00fd n\u00e1jde\u0161 \u00faplne dole na tejto str\u00e1nke 3. alebo n\u00e1m jednoducho nap\u00ed\u0161 a my \u0165a na tr\u00e9ning prihl\u00e1sime manu\u00e1lne *pre lep\u0161ie zobrazenie rozvrhu na telef\u00f3ne, odpor\u00fa\u010dame oto\u010di\u0165 si ho [&hellip;]<\/p>\n","protected":false},"author":1,"featured_media":0,"parent":0,"menu_order":0,"comment_status":"closed","ping_status":"closed","template":"page-full-width","meta":{"footnotes":""},"class_list":["post-341","page","type-page","status-publish","hentry"],"yoast_head":"<!-- This site is optimized with the Yoast SEO plugin v25.1 - https:\/\/yoast.com\/wordpress\/plugins\/seo\/ -->\n<title>Rozvrh tr\u00e9ningov - CrossFit N\u00d8RDER<\/title>\n<meta name=\"description\" content=\"Rozvrh tr\u00e9ningov pre CrossFit, vzpieranie, bodybuilding, gymnastika, tr\u00e9ningy pre za\u010diato\u010dn\u00edkov, skupinov\u00e9 a individu\u00e1lne tr\u00e9ningy, open gym.\" \/>\n<meta name=\"robots\" content=\"index, follow, max-snippet:-1, max-image-preview:large, max-video-preview:-1\" \/>\n<link rel=\"canonical\" href=\"https:\/\/www.crossfitnorder.sk\/index.php\/rozvrh-treningov\/\" \/>\n<meta property=\"og:locale\" content=\"sk_SK\" \/>\n<meta property=\"og:type\" content=\"article\" \/>\n<meta property=\"og:title\" content=\"Rozvrh tr\u00e9ningov - CrossFit N\u00d8RDER\" \/>\n<meta property=\"og:description\" content=\"Rozvrh tr\u00e9ningov pre CrossFit, vzpieranie, bodybuilding, gymnastika, tr\u00e9ningy pre za\u010diato\u010dn\u00edkov, skupinov\u00e9 a individu\u00e1lne tr\u00e9ningy, open gym.\" \/>\n<meta property=\"og:url\" content=\"https:\/\/www.crossfitnorder.sk\/index.php\/rozvrh-treningov\/\" \/>\n<meta property=\"og:site_name\" content=\"CrossFit N\u00d8RDER\" \/>\n<meta property=\"article:publisher\" content=\"https:\/\/www.facebook.com\/crossfitnorder\/\" \/>\n<meta property=\"article:modified_time\" content=\"2026-04-23T09:35:20+00:00\" \/>\n<meta property=\"og:image\" content=\"https:\/\/www.crossfitnorder.sk\/wp-content\/uploads\/2025\/03\/Google-play-SK.png\" \/>\n\t<meta property=\"og:image:width\" content=\"500\" \/>\n\t<meta property=\"og:image:height\" content=\"148\" \/>\n\t<meta property=\"og:image:type\" content=\"image\/png\" \/>\n<meta name=\"twitter:card\" content=\"summary_large_image\" \/>\n<meta name=\"twitter:label1\" content=\"Predpokladan\u00fd \u010das \u010d\u00edtania\" \/>\n\t<meta name=\"twitter:data1\" content=\"4 min\u00faty\" \/>\n<script type=\"application\/ld+json\" class=\"yoast-schema-graph\">{\"@context\":\"https:\/\/schema.org\",\"@graph\":[{\"@type\":\"WebPage\",\"@id\":\"https:\/\/www.crossfitnorder.sk\/index.php\/rozvrh-treningov\/\",\"url\":\"https:\/\/www.crossfitnorder.sk\/index.php\/rozvrh-treningov\/\",\"name\":\"Rozvrh tr\u00e9ningov - CrossFit N\u00d8RDER\",\"isPartOf\":{\"@id\":\"https:\/\/www.crossfitnorder.sk\/#website\"},\"primaryImageOfPage\":{\"@id\":\"https:\/\/www.crossfitnorder.sk\/index.php\/rozvrh-treningov\/#primaryimage\"},\"image\":{\"@id\":\"https:\/\/www.crossfitnorder.sk\/index.php\/rozvrh-treningov\/#primaryimage\"},\"thumbnailUrl\":\"https:\/\/www.crossfitnorder.sk\/wp-content\/uploads\/2025\/03\/Google-play-SK.png\",\"datePublished\":\"2025-03-25T18:47:13+00:00\",\"dateModified\":\"2026-04-23T09:35:20+00:00\",\"description\":\"Rozvrh tr\u00e9ningov pre CrossFit, vzpieranie, bodybuilding, gymnastika, tr\u00e9ningy pre za\u010diato\u010dn\u00edkov, skupinov\u00e9 a individu\u00e1lne tr\u00e9ningy, open gym.\",\"breadcrumb\":{\"@id\":\"https:\/\/www.crossfitnorder.sk\/index.php\/rozvrh-treningov\/#breadcrumb\"},\"inLanguage\":\"sk-SK\",\"potentialAction\":[{\"@type\":\"ReadAction\",\"target\":[\"https:\/\/www.crossfitnorder.sk\/index.php\/rozvrh-treningov\/\"]}]},{\"@type\":\"ImageObject\",\"inLanguage\":\"sk-SK\",\"@id\":\"https:\/\/www.crossfitnorder.sk\/index.php\/rozvrh-treningov\/#primaryimage\",\"url\":\"https:\/\/www.crossfitnorder.sk\/wp-content\/uploads\/2025\/03\/Google-play-SK.png\",\"contentUrl\":\"https:\/\/www.crossfitnorder.sk\/wp-content\/uploads\/2025\/03\/Google-play-SK.png\",\"width\":500,\"height\":148},{\"@type\":\"BreadcrumbList\",\"@id\":\"https:\/\/www.crossfitnorder.sk\/index.php\/rozvrh-treningov\/#breadcrumb\",\"itemListElement\":[{\"@type\":\"ListItem\",\"position\":1,\"name\":\"Domovsk\u00e1 str\u00e1nka\",\"item\":\"https:\/\/www.crossfitnorder.sk\/\"},{\"@type\":\"ListItem\",\"position\":2,\"name\":\"Rozvrh tr\u00e9ningov\"}]},{\"@type\":\"WebSite\",\"@id\":\"https:\/\/www.crossfitnorder.sk\/#website\",\"url\":\"https:\/\/www.crossfitnorder.sk\/\",\"name\":\"CrossFit N\u00d8RDER\",\"description\":\"Ofici\u00e1lny CrossFit gym v Bratislave\",\"publisher\":{\"@id\":\"https:\/\/www.crossfitnorder.sk\/#organization\"},\"potentialAction\":[{\"@type\":\"SearchAction\",\"target\":{\"@type\":\"EntryPoint\",\"urlTemplate\":\"https:\/\/www.crossfitnorder.sk\/?s={search_term_string}\"},\"query-input\":{\"@type\":\"PropertyValueSpecification\",\"valueRequired\":true,\"valueName\":\"search_term_string\"}}],\"inLanguage\":\"sk-SK\"},{\"@type\":\"Organization\",\"@id\":\"https:\/\/www.crossfitnorder.sk\/#organization\",\"name\":\"CrossFit N\u00d8RDER\",\"url\":\"https:\/\/www.crossfitnorder.sk\/\",\"logo\":{\"@type\":\"ImageObject\",\"inLanguage\":\"sk-SK\",\"@id\":\"https:\/\/www.crossfitnorder.sk\/#\/schema\/logo\/image\/\",\"url\":\"https:\/\/www.crossfitnorder.sk\/wp-content\/uploads\/2025\/05\/Logo-CF-NORDER-BA-green-white-1-scaled.png\",\"contentUrl\":\"https:\/\/www.crossfitnorder.sk\/wp-content\/uploads\/2025\/05\/Logo-CF-NORDER-BA-green-white-1-scaled.png\",\"width\":2560,\"height\":1182,\"caption\":\"CrossFit N\u00d8RDER\"},\"image\":{\"@id\":\"https:\/\/www.crossfitnorder.sk\/#\/schema\/logo\/image\/\"},\"sameAs\":[\"https:\/\/www.facebook.com\/crossfitnorder\/\",\"https:\/\/www.instagram.com\/stories\/crossfitnorder\/\"]}]}<\/script>\n<!-- \/ Yoast SEO plugin. -->","yoast_head_json":{"title":"Rozvrh tr\u00e9ningov - CrossFit N\u00d8RDER","description":"Rozvrh tr\u00e9ningov pre CrossFit, vzpieranie, bodybuilding, gymnastika, tr\u00e9ningy pre za\u010diato\u010dn\u00edkov, skupinov\u00e9 a individu\u00e1lne tr\u00e9ningy, open gym.","robots":{"index":"index","follow":"follow","max-snippet":"max-snippet:-1","max-image-preview":"max-image-preview:large","max-video-preview":"max-video-preview:-1"},"canonical":"https:\/\/www.crossfitnorder.sk\/index.php\/rozvrh-treningov\/","og_locale":"sk_SK","og_type":"article","og_title":"Rozvrh tr\u00e9ningov - CrossFit N\u00d8RDER","og_description":"Rozvrh tr\u00e9ningov pre CrossFit, vzpieranie, bodybuilding, gymnastika, tr\u00e9ningy pre za\u010diato\u010dn\u00edkov, skupinov\u00e9 a individu\u00e1lne tr\u00e9ningy, open gym.","og_url":"https:\/\/www.crossfitnorder.sk\/index.php\/rozvrh-treningov\/","og_site_name":"CrossFit N\u00d8RDER","article_publisher":"https:\/\/www.facebook.com\/crossfitnorder\/","article_modified_time":"2026-04-23T09:35:20+00:00","og_image":[{"width":500,"height":148,"url":"https:\/\/www.crossfitnorder.sk\/wp-content\/uploads\/2025\/03\/Google-play-SK.png","type":"image\/png"}],"twitter_card":"summary_large_image","twitter_misc":{"Predpokladan\u00fd \u010das \u010d\u00edtania":"4 min\u00faty"},"schema":{"@context":"https:\/\/schema.org","@graph":[{"@type":"WebPage","@id":"https:\/\/www.crossfitnorder.sk\/index.php\/rozvrh-treningov\/","url":"https:\/\/www.crossfitnorder.sk\/index.php\/rozvrh-treningov\/","name":"Rozvrh tr\u00e9ningov - CrossFit N\u00d8RDER","isPartOf":{"@id":"https:\/\/www.crossfitnorder.sk\/#website"},"primaryImageOfPage":{"@id":"https:\/\/www.crossfitnorder.sk\/index.php\/rozvrh-treningov\/#primaryimage"},"image":{"@id":"https:\/\/www.crossfitnorder.sk\/index.php\/rozvrh-treningov\/#primaryimage"},"thumbnailUrl":"https:\/\/www.crossfitnorder.sk\/wp-content\/uploads\/2025\/03\/Google-play-SK.png","datePublished":"2025-03-25T18:47:13+00:00","dateModified":"2026-04-23T09:35:20+00:00","description":"Rozvrh tr\u00e9ningov pre CrossFit, vzpieranie, bodybuilding, gymnastika, tr\u00e9ningy pre za\u010diato\u010dn\u00edkov, skupinov\u00e9 a individu\u00e1lne tr\u00e9ningy, open gym.","breadcrumb":{"@id":"https:\/\/www.crossfitnorder.sk\/index.php\/rozvrh-treningov\/#breadcrumb"},"inLanguage":"sk-SK","potentialAction":[{"@type":"ReadAction","target":["https:\/\/www.crossfitnorder.sk\/index.php\/rozvrh-treningov\/"]}]},{"@type":"ImageObject","inLanguage":"sk-SK","@id":"https:\/\/www.crossfitnorder.sk\/index.php\/rozvrh-treningov\/#primaryimage","url":"https:\/\/www.crossfitnorder.sk\/wp-content\/uploads\/2025\/03\/Google-play-SK.png","contentUrl":"https:\/\/www.crossfitnorder.sk\/wp-content\/uploads\/2025\/03\/Google-play-SK.png","width":500,"height":148},{"@type":"BreadcrumbList","@id":"https:\/\/www.crossfitnorder.sk\/index.php\/rozvrh-treningov\/#breadcrumb","itemListElement":[{"@type":"ListItem","position":1,"name":"Domovsk\u00e1 str\u00e1nka","item":"https:\/\/www.crossfitnorder.sk\/"},{"@type":"ListItem","position":2,"name":"Rozvrh tr\u00e9ningov"}]},{"@type":"WebSite","@id":"https:\/\/www.crossfitnorder.sk\/#website","url":"https:\/\/www.crossfitnorder.sk\/","name":"CrossFit N\u00d8RDER","description":"Ofici\u00e1lny CrossFit gym v Bratislave","publisher":{"@id":"https:\/\/www.crossfitnorder.sk\/#organization"},"potentialAction":[{"@type":"SearchAction","target":{"@type":"EntryPoint","urlTemplate":"https:\/\/www.crossfitnorder.sk\/?s={search_term_string}"},"query-input":{"@type":"PropertyValueSpecification","valueRequired":true,"valueName":"search_term_string"}}],"inLanguage":"sk-SK"},{"@type":"Organization","@id":"https:\/\/www.crossfitnorder.sk\/#organization","name":"CrossFit N\u00d8RDER","url":"https:\/\/www.crossfitnorder.sk\/","logo":{"@type":"ImageObject","inLanguage":"sk-SK","@id":"https:\/\/www.crossfitnorder.sk\/#\/schema\/logo\/image\/","url":"https:\/\/www.crossfitnorder.sk\/wp-content\/uploads\/2025\/05\/Logo-CF-NORDER-BA-green-white-1-scaled.png","contentUrl":"https:\/\/www.crossfitnorder.sk\/wp-content\/uploads\/2025\/05\/Logo-CF-NORDER-BA-green-white-1-scaled.png","width":2560,"height":1182,"caption":"CrossFit N\u00d8RDER"},"image":{"@id":"https:\/\/www.crossfitnorder.sk\/#\/schema\/logo\/image\/"},"sameAs":["https:\/\/www.facebook.com\/crossfitnorder\/","https:\/\/www.instagram.com\/stories\/crossfitnorder\/"]}]}},"jetpack_sharing_enabled":true,"_links":{"self":[{"href":"https:\/\/www.crossfitnorder.sk\/index.php\/wp-json\/wp\/v2\/pages\/341","targetHints":{"allow":["GET"]}}],"collection":[{"href":"https:\/\/www.crossfitnorder.sk\/index.php\/wp-json\/wp\/v2\/pages"}],"about":[{"href":"https:\/\/www.crossfitnorder.sk\/index.php\/wp-json\/wp\/v2\/types\/page"}],"author":[{"embeddable":true,"href":"https:\/\/www.crossfitnorder.sk\/index.php\/wp-json\/wp\/v2\/users\/1"}],"replies":[{"embeddable":true,"href":"https:\/\/www.crossfitnorder.sk\/index.php\/wp-json\/wp\/v2\/comments?post=341"}],"version-history":[{"count":28,"href":"https:\/\/www.crossfitnorder.sk\/index.php\/wp-json\/wp\/v2\/pages\/341\/revisions"}],"predecessor-version":[{"id":879,"href":"https:\/\/www.crossfitnorder.sk\/index.php\/wp-json\/wp\/v2\/pages\/341\/revisions\/879"}],"wp:attachment":[{"href":"https:\/\/www.crossfitnorder.sk\/index.php\/wp-json\/wp\/v2\/media?parent=341"}],"curies":[{"name":"wp","href":"https:\/\/api.w.org\/{rel}","templated":true}]}}